{"id":4174,"date":"2015-12-22T23:24:35","date_gmt":"2015-12-22T21:24:35","guid":{"rendered":"http:\/\/katiakelm.de\/blog\/?page_id=4174"},"modified":"2018-05-24T23:01:49","modified_gmt":"2018-05-24T21:01:49","slug":"kontakt","status":"publish","type":"page","link":"https:\/\/katiakelm.de\/blog\/kontakt\/","title":{"rendered":"Kontakt"},"content":{"rendered":"\n<div class=\"wpcf7 no-js\" id=\"wpcf7-f5053-o1\" lang=\"de-DE\" dir=\"ltr\" data-wpcf7-id=\"5053\">\n<div class=\"screen-reader-response\"><p role=\"status\" aria-live=\"polite\" aria-atomic=\"true\"><\/p> <ul><\/ul><\/div>\n<form action=\"\/blog\/wp-json\/wp\/v2\/pages\/4174#wpcf7-f5053-o1\" method=\"post\" class=\"wpcf7-form init\" aria-label=\"Kontaktformular\" novalidate=\"novalidate\" data-status=\"init\">\n<fieldset class=\"hidden-fields-container\"><input type=\"hidden\" name=\"_wpcf7\" value=\"5053\" \/><input type=\"hidden\" name=\"_wpcf7_version\" value=\"6.1.5\" \/><input type=\"hidden\" name=\"_wpcf7_locale\" value=\"de_DE\" \/><input type=\"hidden\" name=\"_wpcf7_unit_tag\" value=\"wpcf7-f5053-o1\" \/><input type=\"hidden\" name=\"_wpcf7_container_post\" value=\"0\" \/><input type=\"hidden\" name=\"_wpcf7_posted_data_hash\" value=\"\" \/>\n<\/fieldset>\n<p><label> Name (Pflichtfeld)<br \/>\n<span class=\"wpcf7-form-control-wrap\" data-name=\"your-name\"><input size=\"40\" maxlength=\"400\" class=\"wpcf7-form-control wpcf7-text wpcf7-validates-as-required\" aria-required=\"true\" aria-invalid=\"false\" value=\"\" type=\"text\" name=\"your-name\" \/><\/span> <\/label>\n<\/p>\n<p><label> E-mail (Pflichtfeld)<br \/>\n<span class=\"wpcf7-form-control-wrap\" data-name=\"your-email\"><input size=\"40\" maxlength=\"400\" class=\"wpcf7-form-control wpcf7-email wpcf7-validates-as-required wpcf7-text wpcf7-validates-as-email\" aria-required=\"true\" aria-invalid=\"false\" value=\"\" type=\"email\" name=\"your-email\" \/><\/span> <\/label>\n<\/p>\n<p><label> Nachricht<br \/>\n<span class=\"wpcf7-form-control-wrap\" data-name=\"your-message\"><textarea cols=\"40\" rows=\"10\" maxlength=\"2000\" class=\"wpcf7-form-control wpcf7-textarea\" aria-invalid=\"false\" name=\"your-message\"><\/textarea><\/span> <\/label>\n<\/p>\n<p><span class=\"wpcf7-form-control-wrap\" data-name=\"Spamschutz\"><label><span class=\"wpcf7-quiz-label\">Spamschutz: Summe von zwei und drei?<\/span> <input size=\"40\" class=\"wpcf7-form-control wpcf7-quiz\" autocomplete=\"off\" aria-required=\"true\" aria-invalid=\"false\" type=\"text\" name=\"Spamschutz\" \/><\/label><input type=\"hidden\" name=\"_wpcf7_quiz_answer_Spamschutz\" value=\"b05f1fc835a068c2b75338414bcd96d9\" \/><\/span>\n<\/p>\n<p><span class=\"wpcf7-form-control-wrap\" data-name=\"acceptance-406\"><span class=\"wpcf7-form-control wpcf7-acceptance\"><span class=\"wpcf7-list-item\"><label><input type=\"checkbox\" name=\"acceptance-406\" value=\"1\" aria-invalid=\"false\" \/><span class=\"wpcf7-list-item-label\">Mit der Nutzung dieses Formulars willige ich in die Speicherung und Weiterverarbeitung meiner Daten ein (<a href=\"\/datenschutz\">Datenschutzinformationen<\/a>)<\/span><\/label><\/span><\/span><\/span>\n<\/p>\n<p><input class=\"wpcf7-form-control wpcf7-submit has-spinner\" type=\"submit\" value=\"Abschicken\" \/>\n<\/p><p style=\"display: none !important;\" class=\"akismet-fields-container\" data-prefix=\"_wpcf7_ak_\"><label>&#916;<textarea name=\"_wpcf7_ak_hp_textarea\" cols=\"45\" rows=\"8\" maxlength=\"100\"><\/textarea><\/label><input type=\"hidden\" id=\"ak_js_1\" name=\"_wpcf7_ak_js\" value=\"49\"\/><script>document.getElementById( \"ak_js_1\" ).setAttribute( \"value\", ( new Date() ).getTime() );<\/script><\/p><div class=\"wpcf7-response-output\" aria-hidden=\"true\"><\/div>\n<\/form>\n<\/div>\n\n<h1>Impressum<\/h1>\n<p>Katia Kelm<br \/>\ninfo(at)katiakelm.de<\/p>\n<p>Tel.: 0176 &#8211; 8211 0 211<\/p>\n<p>inhaltlich Verantwortliche gem\u00e4\u00df \u00a7 55 Abs. 2 RStV: Katia Kelm<\/p>\n<h4>Gestaltung und Umsetzung<\/h4>\n<p><a href=\"http:\/\/wirres.net\">Felix Schwenzel<\/a> und Katia Kelm.<br \/>\nTheme: <a href=\"http:\/\/fikrirasy.id\/portfolio\/patio\/\">Patio<\/a> von Fikri Rasyid<\/p>\n<h4>Zu den Fotos<\/h4>\n<p>Die Fotos sind von verschiedenen Leuten gemacht worden. Von wem steht in den jeweiligen Eintr\u00e4gen. F\u00fcr die meisten bin ich Inhaberin des Urheberrechts, f\u00fcr diese gilt: bei Namensnennung und Verlinkung meiner Seite d\u00fcrfen sie die Bilder gerne kopieren und verbreiten. Es darf sich dabei allerdings nicht um einen kommerziellen Zweck handeln und die Bilder d\u00fcrfen nicht ver\u00e4ndert werden.<br \/>\nBilder deren Urheberrecht ich nicht habe sind im Text gekennzeichnet. Die d\u00fcrfen sie nicht kopieren.<\/p>\n<h4>Zu den Texten<\/h4>\n<p>Sie d\u00fcrfen meine Texte gerne kopieren aber nur mit Namensnennung und\/oder Linksetzung.<\/p>\n<div class=\"syndication-links\"><\/div>","protected":false},"excerpt":{"rendered":"<p>Impressum Katia Kelm info(at)katiakelm.de Tel.: 0176 &#8211; 8211 0 211 inhaltlich Verantwortliche gem\u00e4\u00df \u00a7 55 Abs. 2 RStV: Katia Kelm Gestaltung und Umsetzung Felix Schwenzel und Katia Kelm. Theme: Patio von Fikri Rasyid Zu den Fotos Die Fotos sind von verschiedenen Leuten gemacht worden. Von wem steht in den jeweiligen Eintr\u00e4gen. F\u00fcr die meisten bin&hellip; <\/p>\n<p><a href='https:\/\/katiakelm.de\/blog\/kontakt\/' title='Permanenter Link zu \u201eKontakt\u201c' class='more-link'>Weiterlesen &rarr;<\/a><\/p>\n","protected":false},"author":1,"featured_media":0,"parent":0,"menu_order":0,"comment_status":"closed","ping_status":"closed","template":"","meta":{"mf2_syndication":[],"footnotes":""},"class_list":["post-4174","page","type-page","status-publish","hentry"],"_links":{"self":[{"href":"https:\/\/katiakelm.de\/blog\/wp-json\/wp\/v2\/pages\/4174","targetHints":{"allow":["GET"]}}],"collection":[{"href":"https:\/\/katiakelm.de\/blog\/wp-json\/wp\/v2\/pages"}],"about":[{"href":"https:\/\/katiakelm.de\/blog\/wp-json\/wp\/v2\/types\/page"}],"author":[{"embeddable":true,"href":"https:\/\/katiakelm.de\/blog\/wp-json\/wp\/v2\/users\/1"}],"replies":[{"embeddable":true,"href":"https:\/\/katiakelm.de\/blog\/wp-json\/wp\/v2\/comments?post=4174"}],"version-history":[{"count":2,"href":"https:\/\/katiakelm.de\/blog\/wp-json\/wp\/v2\/pages\/4174\/revisions"}],"predecessor-version":[{"id":5054,"href":"https:\/\/katiakelm.de\/blog\/wp-json\/wp\/v2\/pages\/4174\/revisions\/5054"}],"wp:attachment":[{"href":"https:\/\/katiakelm.de\/blog\/wp-json\/wp\/v2\/media?parent=4174"}],"curies":[{"name":"wp","href":"https:\/\/api.w.org\/{rel}","templated":true}]}}