{"id":5127,"date":"2018-10-05T09:06:30","date_gmt":"2018-10-05T07:06:30","guid":{"rendered":"https:\/\/katiakelm.de\/blog\/?page_id=5127"},"modified":"2019-02-28T10:55:36","modified_gmt":"2019-02-28T08:55:36","slug":"malkurs-und-mappenvorbereitung","status":"publish","type":"page","link":"https:\/\/katiakelm.de\/blog\/malkurs-und-mappenvorbereitung\/","title":{"rendered":"Malkurs und Mappenvorbereitung"},"content":{"rendered":"<p>In meinem Moabiter Atelier unterrichte ich Malerei in \u00d6l, Acryl und anderen Medien. Von klassischer Lasurtechnik, \u00fcber Alla Prima bis hin zu Zeichentechnik und Farbenlehre. Auch Druckgrafik (Radierung und Monoprints) ist m\u00f6glich.<br \/>\nWir arbeiten nach Modellen (Aktmodelle k\u00f6nnen nach Bedarf gebucht werden), nach Fotos oder frei und experimentell. Pleinair-Malausfl\u00fcge sind geplant.<\/p>\n<p>Hochschulbewerber f\u00fcr die Studieng\u00e4nge Freie Kunst, Kunstp\u00e4dagogik und alle Designrichtungen unterst\u00fctze ich in Einzelberatung bei der Planung und Vorbereitung ihrer Bewerbungsmappen.<\/p>\n<h4>Malunterricht f\u00fcr Anf\u00e4nger und Fortgeschrittene<\/h4>\n<p>in kleinen Gruppen von 4-5 Personen<br \/>\nDienstags von 19.00 bis 21.00 Uhr<\/p>\n<p>100,-\u20ac monatlich<\/p>\n<p>der erste Abend ist kostenfrei!<\/p>\n<p><a href=\"https:\/\/katiakelm.de\/blog\/kontakt\/\">anmelden<\/a><\/p>\n<h4>Einzeltermine f\u00fcr Mappenberatung<\/h4>\n<p>Einzelberatung kann frei vereinbart werden.<br \/>\n90 Minuten f\u00fcr 50,-<\/p>\n<p><a href=\"https:\/\/katiakelm.de\/blog\/kontakt\/\">Kontakt f\u00fcr mehr Details<\/a><\/p>\n<div class=\"syndication-links\"><\/div>","protected":false},"excerpt":{"rendered":"<p>In meinem Moabiter Atelier unterrichte ich Malerei in \u00d6l, Acryl und anderen Medien. Von klassischer Lasurtechnik, \u00fcber Alla Prima bis hin zu Zeichentechnik und Farbenlehre. Auch Druckgrafik (Radierung und Monoprints) ist m\u00f6glich. Wir arbeiten nach Modellen (Aktmodelle k\u00f6nnen nach Bedarf gebucht werden), nach Fotos oder frei und experimentell. Pleinair-Malausfl\u00fcge sind geplant. Hochschulbewerber f\u00fcr die Studieng\u00e4nge&hellip; <\/p>\n<p><a href='https:\/\/katiakelm.de\/blog\/malkurs-und-mappenvorbereitung\/' title='Permanenter Link zu \u201eMalkurs und Mappenvorbereitung\u201c' class='more-link'>Weiterlesen &rarr;<\/a><\/p>\n","protected":false},"author":1,"featured_media":0,"parent":0,"menu_order":0,"comment_status":"closed","ping_status":"open","template":"","meta":{"mf2_syndication":[],"footnotes":""},"class_list":["post-5127","page","type-page","status-publish","hentry"],"_links":{"self":[{"href":"https:\/\/katiakelm.de\/blog\/wp-json\/wp\/v2\/pages\/5127","targetHints":{"allow":["GET"]}}],"collection":[{"href":"https:\/\/katiakelm.de\/blog\/wp-json\/wp\/v2\/pages"}],"about":[{"href":"https:\/\/katiakelm.de\/blog\/wp-json\/wp\/v2\/types\/page"}],"author":[{"embeddable":true,"href":"https:\/\/katiakelm.de\/blog\/wp-json\/wp\/v2\/users\/1"}],"replies":[{"embeddable":true,"href":"https:\/\/katiakelm.de\/blog\/wp-json\/wp\/v2\/comments?post=5127"}],"version-history":[{"count":30,"href":"https:\/\/katiakelm.de\/blog\/wp-json\/wp\/v2\/pages\/5127\/revisions"}],"predecessor-version":[{"id":5329,"href":"https:\/\/katiakelm.de\/blog\/wp-json\/wp\/v2\/pages\/5127\/revisions\/5329"}],"wp:attachment":[{"href":"https:\/\/katiakelm.de\/blog\/wp-json\/wp\/v2\/media?parent=5127"}],"curies":[{"name":"wp","href":"https:\/\/api.w.org\/{rel}","templated":true}]}}